{"id":320,"date":"2017-05-11T11:57:31","date_gmt":"2017-05-11T09:57:31","guid":{"rendered":"https:\/\/4uatre.fr\/?page_id=320\/"},"modified":"2017-10-24T18:35:33","modified_gmt":"2017-10-24T16:35:33","slug":"mentions-legales","status":"publish","type":"page","link":"https:\/\/4uatre.fr\/en\/mentions-legales\/","title":{"rendered":"Legal notices"},"content":{"rendered":"<p>Vous \u00eates connect\u00e9 sur le site internet www.4uatre.fr qui est \u00e9dit\u00e9 par la soci\u00e9t\u00e9 4UATRE.<\/p>\n<p>La Soci\u00e9t\u00e9 4uatre est une soci\u00e9t\u00e9 par actions simplifi\u00e9es au capital de 148 715 euros, immatricul\u00e9e au RCS de Paris sous le num\u00e9ro 484 085 550, dont le si\u00e8ge social est situ\u00e9 au 3 Rue de la Rochefoucauld,\u202875009 Paris \u2013 France<\/p>\n<p>Tel. : +33 (0)1 42 25 44 40<\/p>\n<p>Son repr\u00e9sentant l\u00e9gal est M. Gregory Vincens, en sa qualit\u00e9 de Pr\u00e9sident. Le directeur de la publication est 4uatre<\/p>\n<p>Ce site est h\u00e9berg\u00e9 sur un serveur partag\u00e9 <a href=\"http:\/\/ohv.com\">OVH<\/a><\/p>\n<p>Ce site a \u00e9t\u00e9 con\u00e7u par : <a href=\"http:\/\/www.lightmyweb.fr\/\">Light My Web<\/a><\/p>\n<h2>Propri\u00e9t\u00e9 Intellectuelle<\/h2>\n<p>La pr\u00e9sentation et le contenu (dessins, photographies, images, textes, s\u00e9quences anim\u00e9es sonores ou non, et autres documentations) du pr\u00e9sent site constituent des \u0153uvres prot\u00e9g\u00e9es par les lois en vigueur sur la propri\u00e9t\u00e9 intellectuelle. Aucune reproduction et\/ou repr\u00e9sentation, partielle ou int\u00e9grale, ne pourra en \u00eatre faite sans l\u2019accord pr\u00e9alable et \u00e9crit de 4uatre.\u2028La d\u00e9nomination 4uatre est une marque d\u00e9pos\u00e9e. Toute reproduction, utilisation et\/ou modification qui en serait faite sans l\u2019accord pr\u00e9alable et \u00e9crit de 4uatre est susceptible d\u2019en constituer la contrefa\u00e7on.<\/p>\n<h2>Donn\u00e9es personnelles<\/h2>\n<p>Les informations recueillies sur le pr\u00e9sent site seront destin\u00e9es \u00e0 la soci\u00e9t\u00e9 4uatre afin que celle-ci puisse contacter l\u2019utilisateur qui lui a adress\u00e9 un message par l\u2019interm\u00e9diaire du formulaire de contact. Les droits d\u2019acc\u00e8s de rectification et de suppression concernant les informations ainsi collect\u00e9es peuvent \u00eatre exerc\u00e9s en application de la loi n\u00b078-17 du 6 janvier 1978 relative \u00e0 l\u2019informatique, aux fichiers et aux libert\u00e9s, en \u00e9crivant \u00e0 : 4uatre, 3 Rue de la Rochefoucauld \u2013 75009 Paris, France.<\/p>\n<h2>Liens hypertextes externes<\/h2>\n<p>Les liens mis en place depuis le site www.4uatre.fr vers des sites ext\u00e9rieurs ne sauraient engager la responsabilit\u00e9 de 4uatre, notamment au regard du contenu de ces sites mais \u00e9galement des risques techniques. En acceptant d\u2019utiliser un lien hypertexte pour acc\u00e9der \u00e0 un site ext\u00e9rieur, vous acceptez de prendre les risques et de subir un \u00e9ventuel pr\u00e9judice direct ou indirect.\u20284uatre n\u2019est pas responsable des liens hypertextes susceptibles de pointer sur son site. Elle interdit la mise en place de tels liens sans son accord pr\u00e9alable \u00e9crit.<\/p>\n<h2>Cookies<\/h2>\n<p>Les utilisateurs du site Web sont inform\u00e9s que lors de leurs visites sur le site www.4uatre.fr, des informations relatives \u00e0 la navigation de ceux-ci sur le site peuvent \u00eatre temporairement conserv\u00e9es en m\u00e9moire ou sur leur disque dur. Les utilisateurs du site reconnaissent avoir \u00e9t\u00e9 inform\u00e9s et acceptent cette pratique. Le param\u00e9trage du logiciel de navigation des utilisateurs du site Web permet d\u2019informer de la pr\u00e9sence de cookies et \u00e9ventuellement de la refuser selon la proc\u00e9dure d\u00e9crite \u00e0 l\u2019adresse suivante : www.cnil.fr.<\/p>","protected":false},"excerpt":{"rendered":"<p>Vous \u00eates connect\u00e9 sur le site internet www.4uatre.fr qui est \u00e9dit\u00e9 par la soci\u00e9t\u00e9 4UATRE. La Soci\u00e9t\u00e9 4uatre est une soci\u00e9t\u00e9 par actions simplifi\u00e9es au capital de 148 715 euros, immatricul\u00e9e au RCS de Paris sous le num\u00e9ro 484 085 550, dont le si\u00e8ge social est situ\u00e9 au 3 Rue de la Rochefoucauld,\u202875009 Paris \u2013 [&hellip;]<\/p>\n","protected":false},"author":1,"featured_media":0,"parent":0,"menu_order":4,"comment_status":"closed","ping_status":"closed","template":"","meta":{"_acf_changed":false,"footnotes":""},"class_list":["post-320","page","type-page","status-publish","hentry"],"acf":[],"yoast_head":"<!-- This site is optimized with the Yoast SEO plugin v27.1.1 - https:\/\/yoast.com\/product\/yoast-seo-wordpress\/ -->\n<title>Legal notices - 4uatre, Agence de branding ind\u00e9pendante<\/title>\n<meta name=\"description\" content=\"Mentions l\u00e9gales du site 4uatre agence de branding ind\u00e9pendante. Propri\u00e9t\u00e9, cookies et donn\u00e9es personnelles.\" \/>\n<meta name=\"robots\" content=\"index, follow, max-snippet:-1, max-image-preview:large, max-video-preview:-1\" \/>\n<link rel=\"canonical\" href=\"https:\/\/4uatre.fr\/en\/mentions-legales\/\" \/>\n<meta property=\"og:locale\" content=\"en_US\" \/>\n<meta property=\"og:type\" content=\"article\" \/>\n<meta property=\"og:title\" content=\"Legal notices - 4uatre, Agence de branding ind\u00e9pendante\" \/>\n<meta property=\"og:description\" content=\"Mentions l\u00e9gales du site 4uatre agence de branding ind\u00e9pendante. Propri\u00e9t\u00e9, cookies et donn\u00e9es personnelles.\" \/>\n<meta property=\"og:url\" content=\"https:\/\/4uatre.fr\/en\/mentions-legales\/\" \/>\n<meta property=\"og:site_name\" content=\"4uatre, Agence de branding ind\u00e9pendante\" \/>\n<meta property=\"article:modified_time\" content=\"2017-10-24T16:35:33+00:00\" \/>\n<meta name=\"twitter:card\" content=\"summary_large_image\" \/>\n<meta name=\"twitter:label1\" content=\"Est. reading time\" \/>\n\t<meta name=\"twitter:data1\" content=\"5 minutes\" \/>\n<script type=\"application\/ld+json\" class=\"yoast-schema-graph\">{\"@context\":\"https:\/\/schema.org\",\"@graph\":[{\"@type\":\"WebPage\",\"@id\":\"https:\/\/4uatre.fr\/en\/mentions-legales\/\",\"url\":\"https:\/\/4uatre.fr\/en\/mentions-legales\/\",\"name\":\"Legal notices - 4uatre, Agence de branding ind\u00e9pendante\",\"isPartOf\":{\"@id\":\"https:\/\/4uatre.fr\/en\/#website\"},\"datePublished\":\"2017-05-11T09:57:31+00:00\",\"dateModified\":\"2017-10-24T16:35:33+00:00\",\"description\":\"Mentions l\u00e9gales du site 4uatre agence de branding ind\u00e9pendante. Propri\u00e9t\u00e9, cookies et donn\u00e9es personnelles.\",\"breadcrumb\":{\"@id\":\"https:\/\/4uatre.fr\/en\/mentions-legales\/#breadcrumb\"},\"inLanguage\":\"en-US\",\"potentialAction\":[{\"@type\":\"ReadAction\",\"target\":[[\"https:\/\/4uatre.fr\/en\/mentions-legales\/\"]]}]},{\"@type\":\"BreadcrumbList\",\"@id\":\"https:\/\/4uatre.fr\/en\/mentions-legales\/#breadcrumb\",\"itemListElement\":[{\"@type\":\"ListItem\",\"position\":1,\"name\":\"Accueil\",\"item\":\"https:\/\/4uatre.fr\/en\/\"},{\"@type\":\"ListItem\",\"position\":2,\"name\":\"Mentions l\u00e9gales\"}]},{\"@type\":\"WebSite\",\"@id\":\"https:\/\/4uatre.fr\/en\/#website\",\"url\":\"https:\/\/4uatre.fr\/en\/\",\"name\":\"4uatre, Agence de branding ind\u00e9pendante\",\"description\":\"Positive branding, Pop-culture &amp; Creative processes\",\"potentialAction\":[{\"@type\":\"SearchAction\",\"target\":{\"@type\":\"EntryPoint\",\"urlTemplate\":\"https:\/\/4uatre.fr\/en\/?s={search_term_string}\"},\"query-input\":{\"@type\":\"PropertyValueSpecification\",\"valueRequired\":true,\"valueName\":\"search_term_string\"}}],\"inLanguage\":\"en-US\"}]}<\/script>\n<!-- \/ Yoast SEO plugin. -->","yoast_head_json":{"title":"Legal notices - 4uatre, Agence de branding ind\u00e9pendante","description":"Mentions l\u00e9gales du site 4uatre agence de branding ind\u00e9pendante. Propri\u00e9t\u00e9, cookies et donn\u00e9es personnelles.","robots":{"index":"index","follow":"follow","max-snippet":"max-snippet:-1","max-image-preview":"max-image-preview:large","max-video-preview":"max-video-preview:-1"},"canonical":"https:\/\/4uatre.fr\/en\/mentions-legales\/","og_locale":"en_US","og_type":"article","og_title":"Legal notices - 4uatre, Agence de branding ind\u00e9pendante","og_description":"Mentions l\u00e9gales du site 4uatre agence de branding ind\u00e9pendante. Propri\u00e9t\u00e9, cookies et donn\u00e9es personnelles.","og_url":"https:\/\/4uatre.fr\/en\/mentions-legales\/","og_site_name":"4uatre, Agence de branding ind\u00e9pendante","article_modified_time":"2017-10-24T16:35:33+00:00","twitter_card":"summary_large_image","twitter_misc":{"Est. reading time":"5 minutes"},"schema":{"@context":"https:\/\/schema.org","@graph":[{"@type":"WebPage","@id":"https:\/\/4uatre.fr\/en\/mentions-legales\/","url":"https:\/\/4uatre.fr\/en\/mentions-legales\/","name":"Legal notices - 4uatre, Agence de branding ind\u00e9pendante","isPartOf":{"@id":"https:\/\/4uatre.fr\/en\/#website"},"datePublished":"2017-05-11T09:57:31+00:00","dateModified":"2017-10-24T16:35:33+00:00","description":"Mentions l\u00e9gales du site 4uatre agence de branding ind\u00e9pendante. Propri\u00e9t\u00e9, cookies et donn\u00e9es personnelles.","breadcrumb":{"@id":"https:\/\/4uatre.fr\/en\/mentions-legales\/#breadcrumb"},"inLanguage":"en-US","potentialAction":[{"@type":"ReadAction","target":[["https:\/\/4uatre.fr\/en\/mentions-legales\/"]]}]},{"@type":"BreadcrumbList","@id":"https:\/\/4uatre.fr\/en\/mentions-legales\/#breadcrumb","itemListElement":[{"@type":"ListItem","position":1,"name":"Accueil","item":"https:\/\/4uatre.fr\/en\/"},{"@type":"ListItem","position":2,"name":"Mentions l\u00e9gales"}]},{"@type":"WebSite","@id":"https:\/\/4uatre.fr\/en\/#website","url":"https:\/\/4uatre.fr\/en\/","name":"4uatre, Agence de branding ind\u00e9pendante","description":"Positive branding, Pop-culture &amp; Creative processes","potentialAction":[{"@type":"SearchAction","target":{"@type":"EntryPoint","urlTemplate":"https:\/\/4uatre.fr\/en\/?s={search_term_string}"},"query-input":{"@type":"PropertyValueSpecification","valueRequired":true,"valueName":"search_term_string"}}],"inLanguage":"en-US"}]}},"_links":{"self":[{"href":"https:\/\/4uatre.fr\/en\/wp-json\/wp\/v2\/pages\/320","targetHints":{"allow":["GET"]}}],"collection":[{"href":"https:\/\/4uatre.fr\/en\/wp-json\/wp\/v2\/pages"}],"about":[{"href":"https:\/\/4uatre.fr\/en\/wp-json\/wp\/v2\/types\/page"}],"author":[{"embeddable":true,"href":"https:\/\/4uatre.fr\/en\/wp-json\/wp\/v2\/users\/1"}],"replies":[{"embeddable":true,"href":"https:\/\/4uatre.fr\/en\/wp-json\/wp\/v2\/comments?post=320"}],"version-history":[{"count":58,"href":"https:\/\/4uatre.fr\/en\/wp-json\/wp\/v2\/pages\/320\/revisions"}],"predecessor-version":[{"id":1796,"href":"https:\/\/4uatre.fr\/en\/wp-json\/wp\/v2\/pages\/320\/revisions\/1796"}],"wp:attachment":[{"href":"https:\/\/4uatre.fr\/en\/wp-json\/wp\/v2\/media?parent=320"}],"curies":[{"name":"wp","href":"https:\/\/api.w.org\/{rel}","templated":true}]}}