{"id":129,"date":"2017-05-06T16:21:01","date_gmt":"2017-05-06T14:21:01","guid":{"rendered":"https:\/\/4uatre.fr\/?page_id=129\/"},"modified":"2019-10-03T11:24:34","modified_gmt":"2019-10-03T09:24:34","slug":"actu","status":"publish","type":"page","link":"https:\/\/4uatre.fr\/en\/actu\/","title":{"rendered":"News"},"content":{"rendered":"<link href=\"https:\/\/stackpath.bootstrapcdn.com\/font-awesome\/4.7.0\/css\/font-awesome.min.css\" rel=\"stylesheet\" integrity=\"sha384-wvfXpqpZZVQGK6TAh5PVlGOfQNHSoD2xbE+QkPxCAFlNEevoEH3Sl0sibVcOQVnN\" crossorigin=\"anonymous\">\r\n<style>\r\n.social-feed-container-2251 .social-feed-element .muted{\r\n        }\r\n.social-feed-container-2251 .social-feed-element p.social-feed-text{\r\n        }\r\n.social-feed-container-2251 .social-feed-element .media-body div{\r\n        }\r\n.social-feed-container-2251 .social-feed-element .attachment{\r\n        margin: 0 !important;\r\n}\r\n.social-feed-container-2251 .fa-facebook{\r\n}\r\n.social-feed-container-2251 .fa-twitter{\r\n}\r\n.social-feed-container-2251 .fa-instagram{\r\n}\r\n.social-feed-container-2251 .fa-pinterest{\r\n}\r\n.social-feed-container-2251 .fa-vk{\r\n}\r\n.social-feed-container-2251 .social-feed-element a{\r\ncolor: #0088cc !important;\r\ntext-decoration: none !important;\r\ndisplay: block !important;\r\nborder: none !important;\r\n\r\n}\r\n.social-feed-container-2251 .media-object{\r\n\r\n\r\n \r\n    border-radius: 0 !important;\r\n\r\n}\r\n\r\n.social-feed-container-2251 .media-object{\r\n\r\n}\r\n.social-feed-container-2251 .pull-right{\r\n\r\n}\r\n.social-feed-container-2251 .text-wrapper{\r\n\r\n}\r\n.social-feed-element strong{\r\n    }\r\n.social-feed-element .media-object{\r\n        \r\n}\r\n.social-feed-container-2251 .content{\r\nbackground:  !important;\r\n}\r\n.social-feed-container-2251 .text-wrapper{\r\n\r\n}\r\n.social-feed-container-2251 .pull-right{\r\n\r\n}\r\n.social-feed-container-2251 p.social-feed-text{\r\n}\r\n.social-feed-container-2251 .social-feed-element .media-body{\r\n}\r\n\t .social-feed-container-2251 img.attachment {\r\n    margin: 0 !important;\r\n}\r\n.social-feed-container-2251 .social-feed-element {\r\nborder: none !important;\r\nmargin: 0 !important;\r\nbox-shadow: none !important;\r\nbackground-color: #414141 !important;\r\n\r\n}\r\n.social-feed-element strong{\r\n    }\r\n.social-feed-element .media-object{\r\n        \r\n}\r\n.social-feed-container-2251 .social-feed-element .content{\r\n    }\r\n\r\n.social-feed-container-2251 .social-feed-element .muted{\r\ncolor: #ababab  !important;\r\n}\r\n.social-feed-container-2251 .text-wrapper{\r\nmargin: 0px 15px !important;\r\nline-height: 18px;\r\n}\r\n.social-feed-container-2251 .text-wrapper{\r\n    \r\n}\r\n.social-feed-container-2251 .social-feed-element .pull-right{\r\nfloat: none;\r\nmargin: 15px;\r\ndisplay: block;\r\n    }\r\n.social-feed-container-2251 .social-feed-element .content{\r\nborder-top: 2px solid #dfdfdf;\r\nmargin: 10px;\r\ndisplay: block;\r\nheight: 55px;\r\n}\r\n.social-feed-container-2251 .social-feed-element, .social-feed-element .media-body{\r\nmargin-top: 5px;\r\n}\r\n\r\n.social-feed-container-2251{\r\ncolumn-gap: 0;\r\ncolumn-count: 3 ;\r\n-webkit-column-count: 3 ;\r\n-moz-column-count: 3 ;\r\n}\r\n.social-feed-container-2251 .text-wrapper{\r\nmargin-top: 10px !important;\r\n}\r\n.social-feed-container-2251 .social-feed-element .content{\r\nmargin: 5px 5px 0px 3px !important;\r\npadding: 15px 0 0 15px !important;\r\nheight: 75px;\r\n}.grid-item {\r\npadding: 3px;\r\n} \r\n.social-feed-container-2251 .social-feed-element {\r\nborder: none !important;\r\nbox-shadow: 0 0 10px 0 rgba(10, 10, 10, 0.2) !important;\r\npadding: 0 !important;\r\nmargin: 0 !important;\r\n\r\n}\r\n.social-feed-container-2251 .social-feed-element p.social-feed-text {\r\ncolor: white  !important;\r\nmargin: 0 !important;\r\n    }\r\n.social-feed-container-2251 .social-feed-element .author-title{\r\ncolor: white  !important;\r\nfont-weight: bold;\r\ntext-decoration: none !important;\r\n    }\r\n.social-feed-container-2251 .social-feed-element  {\r\nbreak-inside: avoid;\r\npadding: 0 !important;\r\nvertical-align: top !important;\r\nmargin: 0 !important;\r\n\r\n}\r\n@media (max-width: 600px) {\r\n.social-feed-container-2251 {\r\ncolumn-count: 2 ;\r\n-webkit-column-count: 2;\r\n-moz-column-count: 2 ;\r\n}\r\n}\r\n@media (max-width: 360px) {\r\n.social-feed-container-2251 {\r\ncolumn-count: 1 ;\r\n-webkit-column-count: 1 ;\r\n-moz-column-count: 1;\r\n}\r\n}\r\n\r\n\r\n\r\n<\/style>\r\n\r\n<div id=\"social-feed-container-2251\" class=\"social-feed-container-2251\"> \r\n\r\n<\/div>\r\n\r\n<script>\r\n    setTimeout(function(){\r\nvar sfbap1_date_posted_lang = 'fr';\r\n\r\nvar sfbap1_access_token = '';\r\nvar sfbap1_show_photos_from_twitter = 'userid';\r\n\r\nvar sfbap1_private_access_token = '6062783712.1677ed0.9c1191e89c5845079873a5d4d7741efe';\r\nvar instagram_query_string = '';\r\nvar instagram_limit = '';\r\nvar sfbap1_theme_selection = 'template3';\r\nvar sfbap1_limit_post_characters = '300';\r\n\r\nvar sfbap1_facebook_access_token = 'EAAelQSwag7cBAAUZCMPpmLM7xDoVU4ZBojpvz7nZBHlRJaHAZChPBlvUGpbOoiCN0iW3bRSXYp1EOZAhapiaqZB40dSRCeKj8wZCpFJZA4zswROmYLWlud8dCYRu3uE1hFn2XzAD13sno51pcyuAMYc4nC5XlCbdqilalp6vqyoRWgZDZD';\r\n\r\nvar sfbap1_enable_facebook_feed = '1';\r\nif(sfbap1_enable_facebook_feed == '1'){\r\n\tvar sfbap1_facebook_page_id = '@'+'4uatre';\r\n}else{\r\n\tvar sfbap1_facebook_page_id = '';\r\n}\r\n\r\n\r\nvar sfbap1_enable_twitter_feed = '1';\r\nvar sfbap1_show_photos_from_twitter = 'userid';\r\nvar twitter_query_string = '';\r\n\r\n\r\nif(sfbap1_enable_twitter_feed == '1'){\r\n\tif(sfbap1_show_photos_from_twitter == 'userid'){\r\n\t\tvar twitter_query_string = '@agence4uatre';\r\n\t}\r\n\tif(sfbap1_show_photos_from_twitter == 'hashtag'){\r\n\t\tvar twitter_query_string = '';\r\n\t}\r\n}else{\r\n\r\nvar twitter_query_string = '';\r\n}\r\n\r\n\r\n\r\n\r\nvar sfbap1_enable_instagram_feed = '1';\r\nvar sfbap1_show_photos_from_instagram = 'userid';\r\nvar instagram_query_string = '';\r\n\r\nif(sfbap1_enable_instagram_feed == '1'){\r\n    if(sfbap1_show_photos_from_instagram == 'userid'){\r\n        var instagram_query_string = '&'+'6062783712';\r\n        sfbap1_access_token = sfbap1_private_access_token;\r\n    }\r\n    if(sfbap1_show_photos_from_instagram == 'hashtag'){\r\n        var instagram_query_string = '#'+'';\r\n        sfbap1_access_token = '355477699.94072d7.d4166d75c29f47adb3e6b2c503732d85';\r\n\r\n    }\r\n}else{\r\n\r\n    var instagram_query_string = '';\r\n}\r\n\r\n\r\n\r\n\r\nvar pinterest_query_string = '';\r\nvar sfbap1_enable_pinterest_feed = '';\r\nif(sfbap1_enable_pinterest_feed == '1'){\r\n\tvar pinterest_query_string = '@'+'agence4uatre\/some-of-our-works\/';\r\n}else{\r\n\tvar pinterest_query_string = '';\r\n}\r\n\r\n\r\n\r\nvar vk_query_string = '';\r\nvar sfbap1_enable_vk_feed = '';\r\nif(sfbap1_enable_vk_feed == '1'){\r\n\tvar vk_query_string = '@'+'';\r\n}else{\r\n\tvar vk_query_string = '';\r\n}\r\n\r\n\r\nvar sfbap1_number_facebook = '';\r\nvar sfbap1_number_facebook = '6';\r\n\r\nvar sfbap1_number_twitter = '';\r\nvar sfbap1_number_twitter = '15';\r\n\r\nvar sfbap1_number_instagram = '';\r\nvar sfbap1_number_instagram = '20';\r\n\r\nvar sfbap1_number_pinterest = '';\r\nvar sfbap1_number_pinterest = '5';\r\n\r\nvar sfbap1_number_vk = '';\r\nvar sfbap1_number_vk = '20';\r\n\r\n\r\njQuery(document).ready(function(){\r\n\r\njQuery('.social-feed-container-'+2251).socialfeed({\r\n\r\nfacebook: {\r\n    accounts: [sfbap1_facebook_page_id],\r\n    limit: sfbap1_number_facebook,\r\n    access_token: sfbap1_facebook_access_token\r\n},\r\ntwitter: {\r\n\tproxy: \"https:\/\/www.arrowplugins.com\/codebird-cors-proxy\/\",\r\n    accounts: [twitter_query_string],\r\n    limit: sfbap1_number_twitter,\r\n    consumer_key: 'DDWeMCGG2r1ZPV4rEqmmqbhPq', \/\/ make sure to have your app read-only\r\n    consumer_secret: 'Ue93hc5ftyPMomjduoMcAZQOMeZWQNTFY8VfrjHNvWeSJ9Un1W', \/\/ make sure to have your app read-only\r\n},\r\ninstagram: {\r\n      accounts: [instagram_query_string],\r\n    limit: sfbap1_number_instagram,\r\n    access_token: sfbap1_access_token\r\n},\r\npinterest:{\r\n\taccounts: [pinterest_query_string],   \/\/Array: Specify a list of accounts from which to pull posts\r\n\tlimit: sfbap1_number_pinterest,                                   \/\/Integer: max number of posts to load\r\n\taccess_token: 'AQK4c3hYm0NBCNDKrYSo3iTSa533FSpWCYgIRz9E5KX9oOA0nQAAAAA' \/\/String: Pinterest client id\r\n},\r\nvk: {\r\n    accounts: [vk_query_string],\r\n    limit: sfbap1_number_vk,\r\n    source: 'all'\r\n},\r\ntemplate_html: '<div class=\"grid-item\"><div class=\"social-feed-element {{? !it.moderation_passed}}hidden{{?}}\" dt-create=\"{{=it.dt_create}}\" social-feed-id = \"{{=it.id}}\"><a href=\"{{=it.link}}\" target=\"_blank\" class=\"\">{{=it.attachment}}<\/a><span class=\"muted pull-right\"><i class=\" gy-icon-social-feed fa fa-{{=it.social_network}}\"><\/i> {{=it.time_ago}}<\/span><div class=\"text-wrapper\"><p class=\"social-feed-text\">{{=it.text}} <a href=\"{{=it.link}}\" target=\"_blank\" class=\"read-button\">read more<\/a><\/p><\/div><div class=\"content\"><a class=\"pull-left\" href=\"{{=it.author_link}}\" target=\"_blank\"><img decoding=\"async\" class=\"media-object\" src=\"{{=it.author_picture}}\"><\/a><div class=\"media-body\"><p><strong><a style=\"font-weight: bold !important;\" href=\"{{=it.author_link}}\" target=\"_blank\" ><span class=\"author-title\">{{=it.author_name}}<\/span><\/a><\/strong><\/p><\/div><\/div><\/div><\/div>',\r\n\t\tlength: sfbap1_limit_post_characters,\r\n\t\tshow_media: true,\r\n\r\n\t\t\/\/ Moderation function - if returns false, template will have class hidden\r\n\t\t\r\n\t\t\/\/update_period: 5000,\r\n\t\t\/\/ When all the posts are collected and displayed - this function is evoked\r\n\t\t\r\n});\r\n\r\n\r\n});\r\n\r\nmoment.locale(sfbap1_date_posted_lang);\r\nconsole.log(moment.locale(sfbap1_date_posted_lang));\r\n}, 100);\r\n<\/script>\r\n\r\n\r\n\n","protected":false},"excerpt":{"rendered":"","protected":false},"author":1,"featured_media":0,"parent":0,"menu_order":6,"comment_status":"closed","ping_status":"closed","template":"","meta":{"_acf_changed":false,"footnotes":""},"class_list":["post-129","page","type-page","status-publish","hentry"],"acf":[],"yoast_head":"<!-- This site is optimized with the Yoast SEO plugin v27.1.1 - https:\/\/yoast.com\/product\/yoast-seo-wordpress\/ -->\n<title>News - 4uatre, Agence de branding ind\u00e9pendante<\/title>\n<meta name=\"description\" content=\"D\u00e9couvrez l&#039;actu de notre agence de branding : nos projets, nos clients, nos joies et nos f\u00eates en un clic\" \/>\n<meta name=\"robots\" content=\"index, follow, max-snippet:-1, max-image-preview:large, max-video-preview:-1\" \/>\n<link rel=\"canonical\" href=\"https:\/\/4uatre.fr\/en\/actu\/\" \/>\n<meta property=\"og:locale\" content=\"en_US\" \/>\n<meta property=\"og:type\" content=\"article\" \/>\n<meta property=\"og:title\" content=\"News - 4uatre, Agence de branding ind\u00e9pendante\" \/>\n<meta property=\"og:description\" content=\"D\u00e9couvrez l&#039;actu de notre agence de branding : nos projets, nos clients, nos joies et nos f\u00eates en un clic\" \/>\n<meta property=\"og:url\" content=\"https:\/\/4uatre.fr\/en\/actu\/\" \/>\n<meta property=\"og:site_name\" content=\"4uatre, Agence de branding ind\u00e9pendante\" \/>\n<meta property=\"article:modified_time\" content=\"2019-10-03T09:24:34+00:00\" \/>\n<meta name=\"twitter:card\" content=\"summary_large_image\" \/>\n<meta name=\"twitter:label1\" content=\"Est. reading time\" \/>\n\t<meta name=\"twitter:data1\" content=\"1 minute\" \/>\n<script type=\"application\/ld+json\" class=\"yoast-schema-graph\">{\"@context\":\"https:\/\/schema.org\",\"@graph\":[{\"@type\":\"WebPage\",\"@id\":\"https:\/\/4uatre.fr\/en\/actu\/\",\"url\":\"https:\/\/4uatre.fr\/en\/actu\/\",\"name\":\"News - 4uatre, Agence de branding ind\u00e9pendante\",\"isPartOf\":{\"@id\":\"https:\/\/4uatre.fr\/en\/#website\"},\"datePublished\":\"2017-05-06T14:21:01+00:00\",\"dateModified\":\"2019-10-03T09:24:34+00:00\",\"description\":\"D\u00e9couvrez l'actu de notre agence de branding : nos projets, nos clients, nos joies et nos f\u00eates en un clic\",\"breadcrumb\":{\"@id\":\"https:\/\/4uatre.fr\/en\/actu\/#breadcrumb\"},\"inLanguage\":\"en-US\",\"potentialAction\":[{\"@type\":\"ReadAction\",\"target\":[[\"https:\/\/4uatre.fr\/en\/actu\/\"]]}]},{\"@type\":\"BreadcrumbList\",\"@id\":\"https:\/\/4uatre.fr\/en\/actu\/#breadcrumb\",\"itemListElement\":[{\"@type\":\"ListItem\",\"position\":1,\"name\":\"Accueil\",\"item\":\"https:\/\/4uatre.fr\/en\/\"},{\"@type\":\"ListItem\",\"position\":2,\"name\":\"News\"}]},{\"@type\":\"WebSite\",\"@id\":\"https:\/\/4uatre.fr\/en\/#website\",\"url\":\"https:\/\/4uatre.fr\/en\/\",\"name\":\"4uatre, Agence de branding ind\u00e9pendante\",\"description\":\"Positive branding, Pop-culture &amp; Creative processes\",\"potentialAction\":[{\"@type\":\"SearchAction\",\"target\":{\"@type\":\"EntryPoint\",\"urlTemplate\":\"https:\/\/4uatre.fr\/en\/?s={search_term_string}\"},\"query-input\":{\"@type\":\"PropertyValueSpecification\",\"valueRequired\":true,\"valueName\":\"search_term_string\"}}],\"inLanguage\":\"en-US\"}]}<\/script>\n<!-- \/ Yoast SEO plugin. -->","yoast_head_json":{"title":"News - 4uatre, Agence de branding ind\u00e9pendante","description":"D\u00e9couvrez l'actu de notre agence de branding : nos projets, nos clients, nos joies et nos f\u00eates en un clic","robots":{"index":"index","follow":"follow","max-snippet":"max-snippet:-1","max-image-preview":"max-image-preview:large","max-video-preview":"max-video-preview:-1"},"canonical":"https:\/\/4uatre.fr\/en\/actu\/","og_locale":"en_US","og_type":"article","og_title":"News - 4uatre, Agence de branding ind\u00e9pendante","og_description":"D\u00e9couvrez l'actu de notre agence de branding : nos projets, nos clients, nos joies et nos f\u00eates en un clic","og_url":"https:\/\/4uatre.fr\/en\/actu\/","og_site_name":"4uatre, Agence de branding ind\u00e9pendante","article_modified_time":"2019-10-03T09:24:34+00:00","twitter_card":"summary_large_image","twitter_misc":{"Est. reading time":"1 minute"},"schema":{"@context":"https:\/\/schema.org","@graph":[{"@type":"WebPage","@id":"https:\/\/4uatre.fr\/en\/actu\/","url":"https:\/\/4uatre.fr\/en\/actu\/","name":"News - 4uatre, Agence de branding ind\u00e9pendante","isPartOf":{"@id":"https:\/\/4uatre.fr\/en\/#website"},"datePublished":"2017-05-06T14:21:01+00:00","dateModified":"2019-10-03T09:24:34+00:00","description":"D\u00e9couvrez l'actu de notre agence de branding : nos projets, nos clients, nos joies et nos f\u00eates en un clic","breadcrumb":{"@id":"https:\/\/4uatre.fr\/en\/actu\/#breadcrumb"},"inLanguage":"en-US","potentialAction":[{"@type":"ReadAction","target":[["https:\/\/4uatre.fr\/en\/actu\/"]]}]},{"@type":"BreadcrumbList","@id":"https:\/\/4uatre.fr\/en\/actu\/#breadcrumb","itemListElement":[{"@type":"ListItem","position":1,"name":"Accueil","item":"https:\/\/4uatre.fr\/en\/"},{"@type":"ListItem","position":2,"name":"News"}]},{"@type":"WebSite","@id":"https:\/\/4uatre.fr\/en\/#website","url":"https:\/\/4uatre.fr\/en\/","name":"4uatre, Agence de branding ind\u00e9pendante","description":"Positive branding, Pop-culture &amp; Creative processes","potentialAction":[{"@type":"SearchAction","target":{"@type":"EntryPoint","urlTemplate":"https:\/\/4uatre.fr\/en\/?s={search_term_string}"},"query-input":{"@type":"PropertyValueSpecification","valueRequired":true,"valueName":"search_term_string"}}],"inLanguage":"en-US"}]}},"_links":{"self":[{"href":"https:\/\/4uatre.fr\/en\/wp-json\/wp\/v2\/pages\/129","targetHints":{"allow":["GET"]}}],"collection":[{"href":"https:\/\/4uatre.fr\/en\/wp-json\/wp\/v2\/pages"}],"about":[{"href":"https:\/\/4uatre.fr\/en\/wp-json\/wp\/v2\/types\/page"}],"author":[{"embeddable":true,"href":"https:\/\/4uatre.fr\/en\/wp-json\/wp\/v2\/users\/1"}],"replies":[{"embeddable":true,"href":"https:\/\/4uatre.fr\/en\/wp-json\/wp\/v2\/comments?post=129"}],"version-history":[{"count":42,"href":"https:\/\/4uatre.fr\/en\/wp-json\/wp\/v2\/pages\/129\/revisions"}],"predecessor-version":[{"id":2252,"href":"https:\/\/4uatre.fr\/en\/wp-json\/wp\/v2\/pages\/129\/revisions\/2252"}],"wp:attachment":[{"href":"https:\/\/4uatre.fr\/en\/wp-json\/wp\/v2\/media?parent=129"}],"curies":[{"name":"wp","href":"https:\/\/api.w.org\/{rel}","templated":true}]}}